{"id":236,"date":"2024-07-24T16:22:12","date_gmt":"2024-07-24T14:22:12","guid":{"rendered":"https:\/\/shop.eau2p.fr\/?page_id=236"},"modified":"2024-08-01T17:34:17","modified_gmt":"2024-08-01T15:34:17","slug":"accueil","status":"publish","type":"page","link":"https:\/\/shop.eau2p.fr\/","title":{"rendered":"Accueil"},"content":{"rendered":"\t\t<div data-elementor-type=\"wp-page\" data-elementor-id=\"236\" class=\"elementor elementor-236\" data-elementor-post-type=\"page\">\n\t\t\t\t<div class=\"elementor-element elementor-element-d09c8b0 e-flex e-con-boxed e-con e-parent\" data-id=\"d09c8b0\" data-element_type=\"container\" data-e-type=\"container\">\n\t\t\t\t\t<div class=\"e-con-inner\">\n\t\t<div class=\"elementor-element elementor-element-134a9a7 e-con-full e-flex e-con e-child\" data-id=\"134a9a7\" data-element_type=\"container\" data-e-type=\"container\">\n\t\t\t\t<div class=\"elementor-element elementor-element-70438ea elementor-widget elementor-widget-heading\" data-id=\"70438ea\" data-element_type=\"widget\" data-e-type=\"widget\" data-widget_type=\"heading.default\">\n\t\t\t\t<div class=\"elementor-widget-container\">\n\t\t\t\t\t<h2 class=\"elementor-heading-title elementor-size-default\">Bonjour \u00e0 toi !<\/h2>\t\t\t\t<\/div>\n\t\t\t\t<\/div>\n\t\t\t\t<div class=\"elementor-element elementor-element-ea8d721 elementor-widget elementor-widget-text-editor\" data-id=\"ea8d721\" data-element_type=\"widget\" data-e-type=\"widget\" data-widget_type=\"text-editor.default\">\n\t\t\t\t<div class=\"elementor-widget-container\">\n\t\t\t\t\t\t\t\t\t<p>Le site d&rsquo;osmoser.fr n&rsquo;est plus disponible car son propri\u00e9taire (Damien) a transit\u00e9 dans une autre dimension. Ce site reprend donc le flambeau en reprenant presque l&rsquo;int\u00e9gralit\u00e9 des articles propos\u00e9s pr\u00e9c\u00e9demment.<\/p><p>Bien entendu, des am\u00e9liorations ont \u00e9t\u00e9 apport\u00e9es (et \u00e7a va continuer) pour mieux coller \u00e0 vos attentes. En gros, j&rsquo;en profite pour une mise-\u00e0-jour cons\u00e9quente logiciellement parlant en repartant de z\u00e9ro.<\/p><p>Cela me prend beaucoup plus de temps que pr\u00e9vu mais \u00e7a vaut le coup malgr\u00e9 les in\u00e9vitables bugs qui surgiront de nulle part&#8230;<\/p><p>Laurent<\/p>\t\t\t\t\t\t\t\t<\/div>\n\t\t\t\t<\/div>\n\t\t\t\t<\/div>\n\t\t<div class=\"elementor-element elementor-element-c5cbf72 e-con-full e-flex e-con e-child\" data-id=\"c5cbf72\" data-element_type=\"container\" data-e-type=\"container\">\n\t\t\t\t<div class=\"elementor-element elementor-element-18b1a9f elementor-widget elementor-widget-image\" data-id=\"18b1a9f\" data-element_type=\"widget\" data-e-type=\"widget\" data-widget_type=\"image.default\">\n\t\t\t\t<div class=\"elementor-widget-container\">\n\t\t\t\t\t\t\t\t\t\t\t\t\t\t\t<img fetchpriority=\"high\" decoding=\"async\" width=\"575\" height=\"527\" src=\"https:\/\/shop.eau2p.fr\/wp-content\/uploads\/2024\/07\/cristaux_01-1.webp\" class=\"attachment-large size-large wp-image-231\" alt=\"\" srcset=\"https:\/\/shop.eau2p.fr\/wp-content\/uploads\/2024\/07\/cristaux_01-1.webp 575w, https:\/\/shop.eau2p.fr\/wp-content\/uploads\/2024\/07\/cristaux_01-1-300x275.webp 300w\" sizes=\"(max-width: 575px) 100vw, 575px\" \/>\t\t\t\t\t\t\t\t\t\t\t\t\t\t\t<\/div>\n\t\t\t\t<\/div>\n\t\t\t\t<\/div>\n\t\t<div class=\"elementor-element elementor-element-0830b43 e-con-full e-flex e-con e-child\" data-id=\"0830b43\" data-element_type=\"container\" data-e-type=\"container\">\n\t\t\t\t<\/div>\n\t\t<div class=\"elementor-element elementor-element-addc3a3 e-con-full e-flex e-con e-child\" data-id=\"addc3a3\" data-element_type=\"container\" data-e-type=\"container\">\n\t\t\t\t<\/div>\n\t\t\t\t\t<\/div>\n\t\t\t\t<\/div>\n\t\t\t\t<\/div>\n\t\t","protected":false},"excerpt":{"rendered":"<p>Bonjour \u00e0 toi ! Le site d&rsquo;osmoser.fr n&rsquo;est plus disponible car son propri\u00e9taire (Damien) a transit\u00e9 dans une autre dimension. Ce site reprend donc le flambeau en reprenant presque l&rsquo;int\u00e9gralit\u00e9 des articles propos\u00e9s pr\u00e9c\u00e9demment. Bien entendu, des am\u00e9liorations ont \u00e9t\u00e9 apport\u00e9es (et \u00e7a va continuer) pour mieux coller \u00e0 vos attentes. En gros, j&rsquo;en profite [&hellip;]<\/p>\n","protected":false},"author":1,"featured_media":0,"parent":0,"menu_order":0,"comment_status":"closed","ping_status":"closed","template":"","meta":{"footnotes":""},"class_list":["post-236","page","type-page","status-publish","hentry"],"_links":{"self":[{"href":"https:\/\/shop.eau2p.fr\/index.php\/wp-json\/wp\/v2\/pages\/236","targetHints":{"allow":["GET"]}}],"collection":[{"href":"https:\/\/shop.eau2p.fr\/index.php\/wp-json\/wp\/v2\/pages"}],"about":[{"href":"https:\/\/shop.eau2p.fr\/index.php\/wp-json\/wp\/v2\/types\/page"}],"author":[{"embeddable":true,"href":"https:\/\/shop.eau2p.fr\/index.php\/wp-json\/wp\/v2\/users\/1"}],"replies":[{"embeddable":true,"href":"https:\/\/shop.eau2p.fr\/index.php\/wp-json\/wp\/v2\/comments?post=236"}],"version-history":[{"count":12,"href":"https:\/\/shop.eau2p.fr\/index.php\/wp-json\/wp\/v2\/pages\/236\/revisions"}],"predecessor-version":[{"id":511,"href":"https:\/\/shop.eau2p.fr\/index.php\/wp-json\/wp\/v2\/pages\/236\/revisions\/511"}],"wp:attachment":[{"href":"https:\/\/shop.eau2p.fr\/index.php\/wp-json\/wp\/v2\/media?parent=236"}],"curies":[{"name":"wp","href":"https:\/\/api.w.org\/{rel}","templated":true}]}}