{"id":264,"date":"2024-07-25T10:35:46","date_gmt":"2024-07-25T08:35:46","guid":{"rendered":"https:\/\/shop.eau2p.fr\/?page_id=264"},"modified":"2024-07-26T11:11:08","modified_gmt":"2024-07-26T09:11:08","slug":"a-propos","status":"publish","type":"page","link":"https:\/\/shop.eau2p.fr\/index.php\/a-propos\/","title":{"rendered":"A propos"},"content":{"rendered":"\n<p>Il parait que c&rsquo;est ici, sur cette page, que l&rsquo;on est cens\u00e9 te rassurer sur qui l&rsquo;on est, c&rsquo;est quoi notre vie et notre taf quotidien, les services que l&rsquo;on offre. Nous n&rsquo;offrons pas de services (trucs pour contrer la concurrence) car nous sommes au Service ce qui offre encore plus de choses que tout ce qui peut \u00eatre apport\u00e9 par une rh\u00e9torique commerciale.<\/p>\n\n\n\n<p>On n&rsquo;a donc pas grand chose \u00e0 dire sinon que l&rsquo;on est dans l&rsquo;\u00e9tat d&rsquo;esprit de l&rsquo;ouverture et de l&rsquo;\u00e9coute de son prochain. Je dis \u00ab\u00a0on\u00a0\u00bb parce qu&rsquo;en v\u00e9rit\u00e9 nous sommes deux : moi Laurent qui g\u00e8re tout et Christine qui s&rsquo;occupe des envois. Tu vois c&rsquo;est hyper simple mais sache cependant que nous ne sommes pas en couple et n&rsquo;habitons pas au m\u00eame endroit On a chacun notre propre vie de famille.<\/p>\n\n\n\n<p>Bref, on est absolument tout le contraire d&rsquo;une grosse boite impersonnelle. Tout ce qui se passe ici sur ce site est totalement personnel et nous partons sur le principe de la confiance et de la bonne foi. On fait de notre mieux, du max de ce qu&rsquo;il est possible de faire cependant nous n&rsquo;avons aucun super pouvoir pour compenser les al\u00e9as d&rsquo;un syst\u00e8me 3D qui prend l&rsquo;eau (en v\u00e9rit\u00e9, qui est en train de couler).<\/p>\n\n\n\n<p>Nous maintenons donc ce site pour t&rsquo;aider avec les prix les plus tir\u00e9s vers le bas. Cela nous limite dans l&rsquo;aspect commercial surtout quand le client se la joue pure 3D. J&rsquo;esp\u00e8re que cela n&rsquo;est pas ton cas sinon cela voudra dire que tu nous confonds avec une \u00ab\u00a0boutique\u00a0\u00bb au fonctionnement classique de 3D et cela serait bien dommage autant pour toi que pour nous.<\/p>\n","protected":false},"excerpt":{"rendered":"<p>Il parait que c&rsquo;est ici, sur cette page, que l&rsquo;on est cens\u00e9 te rassurer sur qui l&rsquo;on est, c&rsquo;est quoi notre vie et notre taf quotidien, les services que l&rsquo;on offre. Nous n&rsquo;offrons pas de services (trucs pour contrer la concurrence) car nous sommes au Service ce qui offre encore plus de choses que tout [&hellip;]<\/p>\n","protected":false},"author":1,"featured_media":0,"parent":0,"menu_order":0,"comment_status":"closed","ping_status":"closed","template":"","meta":{"footnotes":""},"class_list":["post-264","page","type-page","status-publish","hentry"],"_links":{"self":[{"href":"https:\/\/shop.eau2p.fr\/index.php\/wp-json\/wp\/v2\/pages\/264","targetHints":{"allow":["GET"]}}],"collection":[{"href":"https:\/\/shop.eau2p.fr\/index.php\/wp-json\/wp\/v2\/pages"}],"about":[{"href":"https:\/\/shop.eau2p.fr\/index.php\/wp-json\/wp\/v2\/types\/page"}],"author":[{"embeddable":true,"href":"https:\/\/shop.eau2p.fr\/index.php\/wp-json\/wp\/v2\/users\/1"}],"replies":[{"embeddable":true,"href":"https:\/\/shop.eau2p.fr\/index.php\/wp-json\/wp\/v2\/comments?post=264"}],"version-history":[{"count":3,"href":"https:\/\/shop.eau2p.fr\/index.php\/wp-json\/wp\/v2\/pages\/264\/revisions"}],"predecessor-version":[{"id":381,"href":"https:\/\/shop.eau2p.fr\/index.php\/wp-json\/wp\/v2\/pages\/264\/revisions\/381"}],"wp:attachment":[{"href":"https:\/\/shop.eau2p.fr\/index.php\/wp-json\/wp\/v2\/media?parent=264"}],"curies":[{"name":"wp","href":"https:\/\/api.w.org\/{rel}","templated":true}]}}