{"id":362,"date":"2024-07-25T18:03:14","date_gmt":"2024-07-25T16:03:14","guid":{"rendered":"https:\/\/shop.eau2p.fr\/?page_id=362"},"modified":"2024-08-01T17:37:34","modified_gmt":"2024-08-01T15:37:34","slug":"doc-fabrication-eau2p","status":"publish","type":"page","link":"https:\/\/shop.eau2p.fr\/index.php\/doc-fabrication-eau2p\/","title":{"rendered":"Doc Fabrication Eau2P"},"content":{"rendered":"\n<p><strong>Tout d&rsquo;abord que veut dire \u00ab\u00a0Eau2P\u00a0\u00bb ?<\/strong> <br>Phon\u00e9tiquement c&rsquo;est pour dire \u00ab\u00a0eau dop\u00e9e\u00a0\u00bb car elle l&rsquo;est v\u00e9ritablement si on fait le minima du minima c&rsquo;est-\u00e0-dire de l&rsquo;eau Petit Poucet (PP ou 2P).<\/p>\n\n\n\n<p><strong>D&rsquo;o\u00f9 vient donc cette appellation \u00ab\u00a0Petit Poucet\u00a0\u00bb ?<\/strong><br>C&rsquo;est l&rsquo;histoire d&rsquo;un gamin qui s\u00e8me des petits cailloux pour retrouver le chemin de sa maison. C&rsquo;est en quelque sorte le m\u00eame principe que le fil d&rsquo;Ariane mais au lieu que ce soit un fil physique c&rsquo;est un fil invisible ayant pour jalon des petits cailloux.<\/p>\n\n\n\n<p><strong>Comment en est-on arriv\u00e9 l\u00e0 ?<\/strong><br>C&rsquo;est en \u00e9tant au contact de l&rsquo;Un-Visible. Ce dernier vocable inclut des \u00catres De Lumi\u00e8re (EDL), des \u00catres De La Nature (EDLN) et bien d&rsquo;autres cat\u00e9gories que nous avons d\u00e9couvert dans notre d\u00e9marche \u00ab\u00a0spirituelle\u00a0\u00bb.<\/p>\n\n\n\n<p>Donc tout ce qui est en vente sur ce site n&rsquo;est pas l&rsquo;invention de quelques cerveaux humains mais plut\u00f4t la mise en \u0153uvre dans la mati\u00e8re de ce qui nous a \u00e9t\u00e9 enseign\u00e9. Cela peut sembler \u00ab\u00a0tir\u00e9 par les cheveux\u00a0\u00bb mais au moins une chose est ultra s\u00fbre : \u00e7a marche et c&rsquo;est tr\u00e8s tr\u00e8s efficace au point que les mesures physiques humaines sont totalement d\u00e9pass\u00e9es.<\/p>\n\n\n\n<p>Tu es peut-\u00eatre d\u00e9j\u00e0 un brin familier avec les unit\u00e9s Bovis et les pendules mais je peux te dire que tous tes cadrans de mesures seront d\u00e9pass\u00e9s et totalement obsol\u00e8tes en quelques minutes. En effet, nous avons \u00e9t\u00e9 oblig\u00e9 d&rsquo;inventer de nouvelles mesures telle que l&rsquo;Unit\u00e9 d&rsquo;Infini (1 milliard d&rsquo;Unit\u00e9 Bovis) mais cela n&rsquo;a pas suffit car maintenant on est bien au del\u00e0 de \u00e7a.<\/p>\n\n\n\n<p>Tous ceux et celles qui ont essay\u00e9 cette Eau2P ne reviendront jamais en arri\u00e8re car elle d\u00e9passe tout ce qui est connu sur Terre des humains. Ainsi toutes les eaux miraculeuses, sacr\u00e9es, de source, etc&#8230; sont en termes de puissance \u00e0 des pouill\u00e8mes de l&rsquo;Eau2P.<\/p>\n\n\n\n<p>Je ne te demande pas de me croire mais juste d&rsquo;essayer et les r\u00e9sultats parleront d&rsquo;eux-m\u00eames. Voil\u00e0 pourquoi tu ne trouveras aucun argumentaire sur ce site. Il n&rsquo;y en a pas besoin.<\/p>\n\n\n\n<p><strong>Acc\u00e8s \u00e0 la documentation<\/strong><br>Je te mets donc, pour l&rsquo;instant (car j&rsquo;esp\u00e8re \u00e0 l&rsquo;avenir l&rsquo;int\u00e9grer directement \u00e0 ce site), les liens qui t&rsquo;indiqueront comment proc\u00e9der ainsi que les documentations qui vont avec.<\/p>\n\n\n\n<p><a href=\"https:\/\/pp.ladivulgation.fr\/?page_id=6613\" data-type=\"link\" data-id=\"https:\/\/pp.ladivulgation.fr\/?page_id=6613\" target=\"_blank\" rel=\"noreferrer noopener\">UTILISATIONS courantes<\/a><\/p>\n\n\n\n<p><a href=\"https:\/\/pp.ladivulgation.fr\/?page_id=6604\" data-type=\"link\" data-id=\"https:\/\/pp.ladivulgation.fr\/?page_id=6604\" target=\"_blank\" rel=\"noreferrer noopener\">FAB 0 \u2013 Pour d\u00e9buter<\/a><\/p>\n\n\n\n<p><a href=\"https:\/\/pp.ladivulgation.fr\/?page_id=6614\" data-type=\"link\" data-id=\"https:\/\/pp.ladivulgation.fr\/?page_id=6614\" target=\"_blank\" rel=\"noreferrer noopener\">FAB 1 \u2013 FILTRER par l\u2019Osmose Inverse<\/a><\/p>\n\n\n\n<p><a href=\"https:\/\/pp.ladivulgation.fr\/?page_id=6615\" data-type=\"link\" data-id=\"https:\/\/pp.ladivulgation.fr\/?page_id=6615\" target=\"_blank\" rel=\"noreferrer noopener\">FAB 2 \u2013 DESINFORMER<\/a><\/p>\n\n\n\n<p><a href=\"https:\/\/pp.ladivulgation.fr\/?page_id=6622\" data-type=\"link\" data-id=\"https:\/\/pp.ladivulgation.fr\/?page_id=6622\" target=\"_blank\" rel=\"noreferrer noopener\">FAB 3 \u2013 ENCODER via les C2P<\/a><\/p>\n\n\n\n<p><a href=\"https:\/\/pp.ladivulgation.fr\/?page_id=6623\" data-type=\"link\" data-id=\"https:\/\/pp.ladivulgation.fr\/?page_id=6623\" target=\"_blank\" rel=\"noreferrer noopener\">FAB 4 \u2013 MINERALISER<\/a><\/p>\n\n\n\n<p><a href=\"https:\/\/pp.ladivulgation.fr\/?page_id=6624\" data-type=\"link\" data-id=\"https:\/\/pp.ladivulgation.fr\/?page_id=6624\" target=\"_blank\" rel=\"noreferrer noopener\">FAB 5 \u2013 STRUCTURER par la Dynamisation<\/a><\/p>\n\n\n\n<p><a href=\"https:\/\/pp.ladivulgation.fr\/?page_id=6625\" data-type=\"link\" data-id=\"https:\/\/pp.ladivulgation.fr\/?page_id=6625\" target=\"_blank\" rel=\"noreferrer noopener\">FAB 6 \u2013 BOOSTER via le Booster<\/a><\/p>\n\n\n\n<p><a href=\"https:\/\/pp.ladivulgation.fr\/?page_id=6626\" data-type=\"link\" data-id=\"https:\/\/pp.ladivulgation.fr\/?page_id=6626\" target=\"_blank\" rel=\"noreferrer noopener\">FAB 7 \u2013 IONISER par Vortexage<\/a><\/p>\n\n\n\n<p><a href=\"https:\/\/pp.ladivulgation.fr\/?page_id=6611\" data-type=\"link\" data-id=\"https:\/\/pp.ladivulgation.fr\/?page_id=6611\" target=\"_blank\" rel=\"noreferrer noopener\">FAB 8 \u2013 ENCODER via les CEF<\/a><\/p>\n\n\n\n<p><a href=\"https:\/\/pp.ladivulgation.fr\/?page_id=6612\" data-type=\"link\" data-id=\"https:\/\/pp.ladivulgation.fr\/?page_id=6612\" target=\"_blank\" rel=\"noreferrer noopener\">FAB 9 \u2013 MINERALISATION<\/a><\/p>\n\n\n\n<p><\/p>\n","protected":false},"excerpt":{"rendered":"<p>Tout d&rsquo;abord que veut dire \u00ab\u00a0Eau2P\u00a0\u00bb ? Phon\u00e9tiquement c&rsquo;est pour dire \u00ab\u00a0eau dop\u00e9e\u00a0\u00bb car elle l&rsquo;est v\u00e9ritablement si on fait le minima du minima c&rsquo;est-\u00e0-dire de l&rsquo;eau Petit Poucet (PP ou 2P). D&rsquo;o\u00f9 vient donc cette appellation \u00ab\u00a0Petit Poucet\u00a0\u00bb ?C&rsquo;est l&rsquo;histoire d&rsquo;un gamin qui s\u00e8me des petits cailloux pour retrouver le chemin de sa maison. [&hellip;]<\/p>\n","protected":false},"author":1,"featured_media":0,"parent":0,"menu_order":0,"comment_status":"closed","ping_status":"closed","template":"","meta":{"footnotes":""},"class_list":["post-362","page","type-page","status-publish","hentry"],"_links":{"self":[{"href":"https:\/\/shop.eau2p.fr\/index.php\/wp-json\/wp\/v2\/pages\/362","targetHints":{"allow":["GET"]}}],"collection":[{"href":"https:\/\/shop.eau2p.fr\/index.php\/wp-json\/wp\/v2\/pages"}],"about":[{"href":"https:\/\/shop.eau2p.fr\/index.php\/wp-json\/wp\/v2\/types\/page"}],"author":[{"embeddable":true,"href":"https:\/\/shop.eau2p.fr\/index.php\/wp-json\/wp\/v2\/users\/1"}],"replies":[{"embeddable":true,"href":"https:\/\/shop.eau2p.fr\/index.php\/wp-json\/wp\/v2\/comments?post=362"}],"version-history":[{"count":4,"href":"https:\/\/shop.eau2p.fr\/index.php\/wp-json\/wp\/v2\/pages\/362\/revisions"}],"predecessor-version":[{"id":513,"href":"https:\/\/shop.eau2p.fr\/index.php\/wp-json\/wp\/v2\/pages\/362\/revisions\/513"}],"wp:attachment":[{"href":"https:\/\/shop.eau2p.fr\/index.php\/wp-json\/wp\/v2\/media?parent=362"}],"curies":[{"name":"wp","href":"https:\/\/api.w.org\/{rel}","templated":true}]}}