{"id":447,"date":"2024-07-28T13:05:32","date_gmt":"2024-07-28T11:05:32","guid":{"rendered":"https:\/\/shop.eau2p.fr\/?page_id=447"},"modified":"2024-07-28T13:28:37","modified_gmt":"2024-07-28T11:28:37","slug":"silicium-organique","status":"publish","type":"page","link":"https:\/\/shop.eau2p.fr\/index.php\/silicium-organique\/","title":{"rendered":"Silicium Organique"},"content":{"rendered":"\n<p>Comme vous le savez d\u00e9j\u00e0 tous, nous passons d&rsquo;un corps carbon\u00e9 \u00e0 un corps silic\u00e9. Aussi, autant cela peut rester une information qui se suffit \u00e0 elle-m\u00eame (on l&rsquo;accepte telle quelle) autant elle restait un myst\u00e8re concernant le pourquoi et le comment.<\/p>\n\n\n\n<p>Alors, qu&rsquo;est-ce qui diff\u00e9rencie notre production de ce que nous trouvons sur le march\u00e9 actuellement ? Commen\u00e7ons donc \u00e0 voir chaque point s\u00e9par\u00e9ment :<\/p>\n\n\n\n<p><strong><span style=\"color: #ff00ff;\">1) Le prix<\/span><\/strong><br>C&rsquo;est un argument frappant et le principal en v\u00e9rit\u00e9 car lorsque vous d\u00e9sirez faire un \u00ab\u00a0traitement\u00a0\u00bb, vous vous rendez vite compte que \u00e7a va vous co\u00fbter une fortune. Voil\u00e0 ce qui m&rsquo;a motiv\u00e9 principalement \u00e0 remonter les manches car, \u00e0 mon point de vue, il est inacceptable pour des Ma\u00eetres d&rsquo;Ascension d&rsquo;\u00eatre limit\u00e9 dans leur progression vibratoire \u00e0 cause de l&rsquo;aspect financier.<\/p>\n\n\n\n<p>Le prix correspond \u00e0 1 litre de Silicium organique pr\u00eat \u00e0 consommer. Il faudra donc diluer le contenu du flacon dans une bouteille d&rsquo;eau d&rsquo;1 litre avant de pouvoir le boire.<\/p>\n\n\n\n<p>Bien \u00e9videmment, certain d&rsquo;entre vous en fabrique d\u00e9j\u00e0 pour leur usage personnel cependant la fabrication reste d\u00e9licate et surtout longue puisqu&rsquo;il faut au moins 1 mois de temps de fabrication. Cela n&#8217;emp\u00eache que j&rsquo;ai d&rsquo;autres arguments suppl\u00e9mentaires non n\u00e9gligeables \u00e0 rajouter \u00e0 l&rsquo;affaire.<\/p>\n\n\n\n<p><strong><span style=\"color: #ff00ff;\">2) Le lieu de fabrication<\/span><\/strong><br>Il se fait \u00e0 l&rsquo;int\u00e9rieur du cercle du Cordon. Cela apporte donc un environnement tr\u00e8s haut en vibration ainsi qu&rsquo;un encodage sp\u00e9cifique des particules de silicium (une cl\u00e9 USB microscopique) car bien \u00e9videmment YZ y rajoute sa petite part d&rsquo;encodage sp\u00e9cifique relatif au cristallin.<\/p>\n\n\n\n<p><span style=\"color: #ff00ff;\"><strong>3) La dilution partielle du produit<\/strong><\/span><br>a) Pour des raisons de s\u00e9curit\u00e9, le produit initial est dilu\u00e9 partiellement dans un flacon de 250 ml afin d&rsquo;\u00e9viter des accidents graves car forc\u00e9ment il y aura toujours des gens qui ne suivront pas les consignes \u00e9crites sur l&rsquo;\u00e9tiquette.<\/p>\n\n\n\n<p>b) Ceci permet aussi d&rsquo;avoir des frais de port moindre que si vous achetiez le produit pr\u00eat \u00e0 boire.<\/p>\n\n\n\n<p><strong><span style=\"color: #ff00ff;\">4) L&rsquo;eau utilis\u00e9e pour la dilution&nbsp; partielle<\/span><\/strong><br>Vous vous doutez bien qu&rsquo;elle a subit toutes les op\u00e9rations que je pr\u00e9conise ; eau osmos\u00e9e, d\u00e9sinform\u00e9e, encod\u00e9e 5c2p, structur\u00e9e (avec toutes les options dispo sur le march\u00e9) mais pas vortex\u00e9e car inutile dans ce cas, avec en plus plusieurs encodages scalaires sp\u00e9cifiques (je vous en parlerai d&rsquo;ici quelques temps).<\/p>\n\n\n\n<p>Bien \u00e9videmment le niveau de fr\u00e9quence de l&rsquo;eau encod\u00e9e est celle de r\u00e9f\u00e9rence du plombier et donc la plus \u00e9lev\u00e9e qui existe sur cette plan\u00e8te actuellement. Voil\u00e0 pourquoi je vous demande avant de consommer de laisser la solution finale se reposer 2-3 heures (une fois que vous avez rajout\u00e9 les 750 ml d&rsquo;eau&nbsp; au concentr\u00e9 de d\u00e9part) afin que l&rsquo;ensemble s&rsquo;encode totalement.<\/p>\n\n\n\n<p>On est donc loin de la m\u00e9thode ordinaire qui consiste \u00e0 consommer d\u00e8s que l&rsquo;on a fait le m\u00e9lange parce que l&rsquo;on croit que c&rsquo;est juste le m\u00e9lange de particule de silicium organique dans l&rsquo;eau. \u00c7a c&rsquo;est une version de pure 3D indiqu\u00e9e dans les instructions classiques des produits vendus sur le march\u00e9.<\/p>\n\n\n\n<p>Dans notre cas, on comprend que c&rsquo;est non seulement le silicium rendu assimilable qui est ing\u00e9r\u00e9 mais aussi la quantit\u00e9 d&rsquo;informations (donc de codes) qui ont \u00e9t\u00e9 mis dans ce fameux silicium et dans l&rsquo;eau elle-m\u00eame.<\/p>\n\n\n\n<p><span style=\"color: #ff00ff;\"><strong>5) La fabrication elle-m\u00eame<\/strong><\/span><br>Toute la fab est faite par le plombier lui-m\u00eame. Dit autrement, faite en conscience et avec beaucoup d&rsquo;amour contrairement \u00e0 toutes les fabrications industrielles. C&rsquo;est un plus non n\u00e9gligeable car cela agit sur certaines couches de votre v\u00e9hicule en le rendant encore plus assimilable ce qui est quasi ignor\u00e9 par les fabricants industriels (autant soit peu leur processus de fab).<\/p>\n\n\n\n<p>Bref, connaissant tout cela vous comprenez bien que m\u00eame si nous employons le m\u00eame titre g\u00e9n\u00e9rique (Silicium organique), en v\u00e9rit\u00e9, c&rsquo;est un produit tr\u00e8s diff\u00e9rent de ce qu&rsquo;il pr\u00e9tend \u00eatre. Il est tout simplement unique car, contrairement aux autres, c&rsquo;est son contenu informationnel et \u00e9nerg\u00e9tique qui fait toute sa valeur et pas seulement sa composition chimique.<\/p>\n\n\n\n<p><strong><span style=\"color: #0000ff;\">USAGES<br><\/span><\/strong>La consommation de ce produit n&rsquo;est pas quelque chose de syst\u00e9matique et automatique. En effet, bien qu&rsquo;au d\u00e9but, on puisse le faire de base car de toute fa\u00e7on on est quasiment en d\u00e9ficit de ce c\u00f4t\u00e9-l\u00e0 autant apr\u00e8s il faudra demander \u00e0 votre petite voix si ok ou pas.<\/p>\n\n\n\n<p>D&rsquo;apr\u00e8s mon exp\u00e9rience personnelle, c&rsquo;est par p\u00e9riode qu&rsquo;il y a demande (il faut laisser au corps du temps pour encaisser l&rsquo;info). Donc r\u00e9guli\u00e8rement je demande et quand j&rsquo;ai le top d\u00e9part je commence le traitement et apr\u00e8s chaque jour je demande si je continue ou pas.<\/p>\n\n\n\n<p><strong><span style=\"color: #0000ff;\">POSOLOGIE<br><\/span><\/strong>Pour l&rsquo;instant, par l&rsquo;exp\u00e9rience, j&rsquo;ai pu constater que pendant la premi\u00e8re p\u00e9riode de traitement, mon corps a \u00e9t\u00e9 tr\u00e8s demandeur et je prenais quasiment un demi-verre matin et soir mais le silicium organique \u00e9tait celui fabriqu\u00e9 par un Petit Poucet et ne contenait donc pas autant d&rsquo;info.<\/p>\n\n\n\n<p>Puis quand j&rsquo;ai commenc\u00e9 des traitements avec ma propre fab, les quantit\u00e9s ont fortement diminu\u00e9es pour en arriver \u00e0 une gorg\u00e9e le matin et une le soir. Il faut dire qu&rsquo;ici (dans le cercle des CDC), Corinne et moi sommes mis \u00e0 rude \u00e9preuve surtout lors des m\u00e9ditations-guidances.<\/p>\n\n\n\n<p>On n&rsquo;est pas la r\u00e9f\u00e9rence \u00e0 prendre d&rsquo;o\u00f9 ma difficult\u00e9 \u00e0 vous dire la quantit\u00e9 \u00e0 prendre. De plus, comme on est tous unique en terme de v\u00e9hicule et de son d\u00e9ploiement, je pense que ce sera en fonction de votre feeling que vous devrez agir.<\/p>\n\n\n\n<p><span style=\"color: #0000ff;\"><strong>CONSERVATION DU PRODUIT<\/strong><\/span><br>Il faut savoir dissocier deux choses : le concentr\u00e9 mis dans une fiole fonc\u00e9e et ne n\u00e9cessitant pas d&rsquo;\u00eatre mis au frais et la pr\u00e9paration dilu\u00e9e pr\u00eate \u00e0 l&#8217;emploi qui demande quelques pr\u00e9cautions.<\/p>\n\n\n\n<p>En effet, comme vous le savez, la lumi\u00e8re du jour (soleil oblige) est source d&rsquo;information et donc de changement dans la nature de n&rsquo;importe quel produit. Aussi, pour \u00e9viter un changement dans la programmation interne du produit vous avez au moins 2 solutions :<br>a) avoir une bouteille sombre ou quasiment ne laissant passer aucune lumi\u00e8re ou soit<br>b) la mettre dans un endroit sombre (placard ou carr\u00e9ment le frigo).<\/p>\n\n\n\n<p>Le second \u00e9l\u00e9ment est la temp\u00e9rature et l\u00e0 encore nous savons que plus il fait chaud et plus le changement de programmation est facile au point m\u00eame qu&rsquo;elle peut perdre la totalit\u00e9 de l&rsquo;info si on va jusqu&rsquo;\u00e0 l&rsquo;\u00e9bullition.<\/p>\n\n\n\n<p>De plus, s&rsquo;il y a une quantit\u00e9 d&rsquo;air suffisante l&rsquo;oxydation rentrera elle aussi en jeu. Bref, quand c&rsquo;est de l&rsquo;eau normale sans ajout on se fout un peu de tous ces param\u00e8tres sauf que dans le cas du silicium organique ce n&rsquo;est pas le but recherch\u00e9.<\/p>\n\n\n\n<p>Aussi, de mon c\u00f4t\u00e9, une fois que j&rsquo;ai dilu\u00e9 le concentr\u00e9, je mets la bouteille au frigo et ainsi j&rsquo;obtiens les 3 effets suivants :<br>1) Pas de lumi\u00e8re du jour<br>2) Pas de mont\u00e9e en temp\u00e9rature et donc pas d&rsquo;oxydation<br>3) Un produit conservant parfaitement les infos initiales m\u00eame si je mets \u00e7a dans une bouteille en verre transparent.<\/p>\n\n\n\n<p><strong><span style=\"color: #0000ff;\">QUALITE INFORMATIONNELLE ET VIBRATOIRE DU PRODUIT<\/span><\/strong><br>Au niveau vibratoire \/ \u00e9nerg\u00e9tique, l&rsquo;eau utilis\u00e9e dans la fabrication est tout bonnement mon eau de r\u00e9f\u00e9rence personnelle soit presque 11 ans de mont\u00e9e en puissance (avec booster et tout le tutti-quanti qui va avec) tout en sachant que \u00e7a baigne dans le Cordon depuis son origine.<\/p>\n\n\n\n<p>Bref, quand vous allez diluer le produit du flacon et cela quelle que soit l&rsquo;eau que vous utiliserez, elle montera forc\u00e9ment au taux vibratoire maximal atteint au jour de la fabrication. Voil\u00e0 pourquoi, si vous \u00eates un petit nouveau, il faut y aller mollo sur les quantit\u00e9s absorb\u00e9es au d\u00e9but sinon votre corps va vous le dire rapidement (rejet car trop puissant).<\/p>\n\n\n\n<p>Pour la qualit\u00e9 informationnelle, l&rsquo;eau que nous utilisons a forc\u00e9ment \u00e9t\u00e9 vid\u00e9e de toutes ses m\u00e9moires et ensuite a \u00e9t\u00e9 inform\u00e9e par la derni\u00e8re mouture disponible des C2P soit la 5C2P actuellement. <\/p>\n\n\n\n<p>En d&rsquo;autres termes, ce silicium organique est non comparable a tout ce qui est fabriqu\u00e9 artificiellement dans des usines aussi sophistiqu\u00e9es soient elles. De ce fait on ne peut pas le comparer aux autres \u00ab\u00a0quantitativement\u00a0\u00bb mais seulement qualitativement en l&rsquo;essayant dans les faits.<\/p>\n","protected":false},"excerpt":{"rendered":"<p>Comme vous le savez d\u00e9j\u00e0 tous, nous passons d&rsquo;un corps carbon\u00e9 \u00e0 un corps silic\u00e9. Aussi, autant cela peut rester une information qui se suffit \u00e0 elle-m\u00eame (on l&rsquo;accepte telle quelle) autant elle restait un myst\u00e8re concernant le pourquoi et le comment. Alors, qu&rsquo;est-ce qui diff\u00e9rencie notre production de ce que nous trouvons sur le [&hellip;]<\/p>\n","protected":false},"author":1,"featured_media":0,"parent":0,"menu_order":0,"comment_status":"closed","ping_status":"closed","template":"","meta":{"footnotes":""},"class_list":["post-447","page","type-page","status-publish","hentry"],"_links":{"self":[{"href":"https:\/\/shop.eau2p.fr\/index.php\/wp-json\/wp\/v2\/pages\/447","targetHints":{"allow":["GET"]}}],"collection":[{"href":"https:\/\/shop.eau2p.fr\/index.php\/wp-json\/wp\/v2\/pages"}],"about":[{"href":"https:\/\/shop.eau2p.fr\/index.php\/wp-json\/wp\/v2\/types\/page"}],"author":[{"embeddable":true,"href":"https:\/\/shop.eau2p.fr\/index.php\/wp-json\/wp\/v2\/users\/1"}],"replies":[{"embeddable":true,"href":"https:\/\/shop.eau2p.fr\/index.php\/wp-json\/wp\/v2\/comments?post=447"}],"version-history":[{"count":4,"href":"https:\/\/shop.eau2p.fr\/index.php\/wp-json\/wp\/v2\/pages\/447\/revisions"}],"predecessor-version":[{"id":451,"href":"https:\/\/shop.eau2p.fr\/index.php\/wp-json\/wp\/v2\/pages\/447\/revisions\/451"}],"wp:attachment":[{"href":"https:\/\/shop.eau2p.fr\/index.php\/wp-json\/wp\/v2\/media?parent=447"}],"curies":[{"name":"wp","href":"https:\/\/api.w.org\/{rel}","templated":true}]}}