{"id":105,"date":"2024-07-22T20:52:09","date_gmt":"2024-07-22T20:52:09","guid":{"rendered":"https:\/\/shop.eau2p.fr\/?post_type=product&#038;p=105"},"modified":"2024-07-22T20:52:18","modified_gmt":"2024-07-22T20:52:18","slug":"cef-correcteurs-detat-fonctionnel","status":"publish","type":"product","link":"https:\/\/shop.eau2p.fr\/index.php\/produit\/cef-correcteurs-detat-fonctionnel\/","title":{"rendered":"CEF (Correcteurs d\u2019Etat Fonctionnel)"},"content":{"rendered":"<p>Dispositif de correction du champ \u00e9lectromagn\u00e9tique ext\u00e9rieur, ayant un impact sur l\u2019organisme vivant, et son principe de fabrication.<\/p>\n","protected":false},"excerpt":{"rendered":"<p>Dispositif de correction du champ \u00e9lectromagn\u00e9tique ext\u00e9rieur, ayant un impact sur l\u2019organisme vivant, et son principe de fabrication.<\/p>\n","protected":false},"featured_media":139,"template":"","meta":[],"product_brand":[],"product_cat":[24],"product_tag":[],"class_list":{"0":"post-105","1":"product","2":"type-product","3":"status-publish","4":"has-post-thumbnail","6":"product_cat-protection","8":"first","9":"instock","10":"shipping-taxable","11":"product-type-external"},"_links":{"self":[{"href":"https:\/\/shop.eau2p.fr\/index.php\/wp-json\/wp\/v2\/product\/105","targetHints":{"allow":["GET"]}}],"collection":[{"href":"https:\/\/shop.eau2p.fr\/index.php\/wp-json\/wp\/v2\/product"}],"about":[{"href":"https:\/\/shop.eau2p.fr\/index.php\/wp-json\/wp\/v2\/types\/product"}],"version-history":[{"count":0,"href":"https:\/\/shop.eau2p.fr\/index.php\/wp-json\/wp\/v2\/product\/105\/revisions"}],"wp:featuredmedia":[{"embeddable":true,"href":"https:\/\/shop.eau2p.fr\/index.php\/wp-json\/wp\/v2\/media\/139"}],"wp:attachment":[{"href":"https:\/\/shop.eau2p.fr\/index.php\/wp-json\/wp\/v2\/media?parent=105"}],"wp:term":[{"taxonomy":"product_brand","embeddable":true,"href":"https:\/\/shop.eau2p.fr\/index.php\/wp-json\/wp\/v2\/product_brand?post=105"},{"taxonomy":"product_cat","embeddable":true,"href":"https:\/\/shop.eau2p.fr\/index.php\/wp-json\/wp\/v2\/product_cat?post=105"},{"taxonomy":"product_tag","embeddable":true,"href":"https:\/\/shop.eau2p.fr\/index.php\/wp-json\/wp\/v2\/product_tag?post=105"}],"curies":[{"name":"wp","href":"https:\/\/api.w.org\/{rel}","templated":true}]}}