{"id":110,"date":"2024-07-22T20:52:09","date_gmt":"2024-07-22T20:52:09","guid":{"rendered":"https:\/\/shop.eau2p.fr\/?post_type=product&#038;p=110"},"modified":"2026-04-01T22:07:33","modified_gmt":"2026-04-01T20:07:33","slug":"gelule-lithothamne-spiruline","status":"publish","type":"product","link":"https:\/\/shop.eau2p.fr\/index.php\/produit\/gelule-lithothamne-spiruline\/","title":{"rendered":"G\u00e9lule Lithothamne-Spiruline"},"content":{"rendered":"<p>La spiruline <strong>compl\u00e9ment alimentaire tr\u00e8s riche en fer<\/strong> assimilable, elle a donc la facult\u00e9 de combler la carence en fer. <strong>Source de prot\u00e9ines\u00a0<\/strong>largement sup\u00e9rieure \u00e0 la viande et au soja !<\/p>\n<p>Ce produit convient pour tous les \u00e2ges. Elle aide \u00e0 la croissance chez l&rsquo;enfant et l&rsquo;adolescent, am\u00e9liore les facult\u00e9s de r\u00e9cup\u00e9ration chez le sportif et \u00e9quilibre l&rsquo;alimentation des personnes \u00e2g\u00e9es.<\/p>\n<p>La spiruline est \u00e0 conseiller pour toute personne ayant besoin de se revitaliser. Elle peut s&rsquo;utiliser en cure ponctuelle ou en traitement de fond, il est conseill\u00e9 d&rsquo;en consommer 5 grammes par jour (soit 5 comprim\u00e9s le midi et 5 comprim\u00e9s le soir).<\/p>\n<p>Lorsque la\u00a0<strong>Spiruline<\/strong>\u00a0est prise pendant le repas,\u00a0<strong>elle am\u00e9liore l&rsquo;assimilation des aliments<\/strong>. Lorsqu&rsquo;elle est\u00a0prise 30 minutes avant le repas,\u00a0elle a un\u00a0<strong>effet coupe faim<\/strong>. Elle est aussi reconnue pour aider l&rsquo;organisme \u00e0 se d\u00e9toxifier.<\/p>\n<p>Le\u00a0<strong>lithothamne alimentaire<\/strong>, est constitu\u00e9e du squelette de l\u2019algue, sa composition en carbonate de\u00a0<strong>calcium le rend d\u2019une grande\u00a0biodisponibilit\u00e9<\/strong>. Le lithothamne contient principalement du calcium, de l\u2019iode, du soufre, du fer, du\u00a0<strong>magn\u00e9sium<\/strong>\u00a0sous forme de carbonate, de la silice, du mangan\u00e8se, du molybd\u00e8ne, du bore, du cuivre, du cobalt, du nickel, du s\u00e9l\u00e9nium, du\u00a0<strong>zinc<\/strong>, de l\u2019argent, du titane, du strontium. Le lithothamne contient aussi des prot\u00e9ines et de la vitamine C<strong>.<br \/>\n<\/strong>Le lithothamne<strong>\u00a0est important dans le soutien et l\u2019\u00e9quilibre acido-basique de l\u2019organisme.<\/strong> Le carbonate de calcium (calcium marin) est un excellent anti-acide, il neutralise l\u2019acidit\u00e9 de l\u2019organisme (acidose tissulaire).<\/p>\n","protected":false},"excerpt":{"rendered":"<p>Flacon contenant 75 g de poudre (50 g lithothamne et 25 g spiruline) &#8211; 150 g\u00e9lules.<br \/>\nCapsule \u00ab\u00a0v\u00e9g\u00e9tale\u00a0\u00bb c&rsquo;est-\u00e0-dire ne contenant aucun produit animal.<\/p>\n<p>Taille 0 &#8211; 500 mg par g\u00e9lule<\/p>\n","protected":false},"featured_media":141,"template":"","meta":[],"product_brand":[],"product_cat":[23],"product_tag":[],"class_list":{"0":"post-110","1":"product","2":"type-product","3":"status-publish","4":"has-post-thumbnail","6":"product_cat-remineraliseur","8":"first","9":"onbackorder","10":"shipping-taxable","11":"purchasable","12":"product-type-simple"},"_links":{"self":[{"href":"https:\/\/shop.eau2p.fr\/index.php\/wp-json\/wp\/v2\/product\/110","targetHints":{"allow":["GET"]}}],"collection":[{"href":"https:\/\/shop.eau2p.fr\/index.php\/wp-json\/wp\/v2\/product"}],"about":[{"href":"https:\/\/shop.eau2p.fr\/index.php\/wp-json\/wp\/v2\/types\/product"}],"version-history":[{"count":1,"href":"https:\/\/shop.eau2p.fr\/index.php\/wp-json\/wp\/v2\/product\/110\/revisions"}],"predecessor-version":[{"id":582,"href":"https:\/\/shop.eau2p.fr\/index.php\/wp-json\/wp\/v2\/product\/110\/revisions\/582"}],"wp:featuredmedia":[{"embeddable":true,"href":"https:\/\/shop.eau2p.fr\/index.php\/wp-json\/wp\/v2\/media\/141"}],"wp:attachment":[{"href":"https:\/\/shop.eau2p.fr\/index.php\/wp-json\/wp\/v2\/media?parent=110"}],"wp:term":[{"taxonomy":"product_brand","embeddable":true,"href":"https:\/\/shop.eau2p.fr\/index.php\/wp-json\/wp\/v2\/product_brand?post=110"},{"taxonomy":"product_cat","embeddable":true,"href":"https:\/\/shop.eau2p.fr\/index.php\/wp-json\/wp\/v2\/product_cat?post=110"},{"taxonomy":"product_tag","embeddable":true,"href":"https:\/\/shop.eau2p.fr\/index.php\/wp-json\/wp\/v2\/product_tag?post=110"}],"curies":[{"name":"wp","href":"https:\/\/api.w.org\/{rel}","templated":true}]}}