{"id":111,"date":"2024-07-22T20:52:09","date_gmt":"2024-07-22T20:52:09","guid":{"rendered":"https:\/\/shop.eau2p.fr\/?post_type=product&#038;p=111"},"modified":"2026-01-26T23:48:36","modified_gmt":"2026-01-26T22:48:36","slug":"poudre-spiruline-lithothamne","status":"publish","type":"product","link":"https:\/\/shop.eau2p.fr\/index.php\/produit\/poudre-spiruline-lithothamne\/","title":{"rendered":"Poudre Spiruline-Lithothamne"},"content":{"rendered":"<p>La spiruline <strong>compl\u00e9ment alimentaire tr\u00e8s riche en fer<\/strong>\u00a0assimilable, elle a donc la facult\u00e9\u00a0de combler la carence en fer.<br \/>\n<strong>Source de prot\u00e9ines\u00a0<\/strong>largement sup\u00e9rieure \u00e0 la viande et au soja !<\/p>\n<p>Ce produit convient pour tous les \u00e2ges. Elle aide \u00e0 la croissance chez l&rsquo;enfant et l&rsquo;adolescent, am\u00e9liore les facult\u00e9s de r\u00e9cup\u00e9ration chez le sportif et \u00e9quilibre l&rsquo;alimentation des personnes \u00e2g\u00e9es.<\/p>\n<p>La spiruline est \u00e0 conseiller pour toute personne ayant besoin de se revitaliser. Elle peut s&rsquo;utiliser en cure ponctuelle ou en traitement de fond, il est conseill\u00e9 d&rsquo;en consommer 5 grammes par jour (soit 5 comprim\u00e9s le midi et 5 comprim\u00e9s le soir).<br \/>\nLorsque la\u00a0<strong>Spiruline<\/strong>\u00a0est prise pendant le repas,\u00a0<strong>elle am\u00e9liore l&rsquo;assimilation des aliments<\/strong>. Lorsqu&rsquo;elle est\u00a0prise 30 minutes avant le repas,\u00a0elle a un\u00a0<strong>effet coupe faim<\/strong>. Elle est aussi reconnue pour aider l&rsquo;organisme \u00e0 se d\u00e9toxifier.<\/p>\n<p>Le\u00a0<strong>lithothamne alimentaire<\/strong>, est constitu\u00e9e du squelette de l\u2019algue, sa composition en carbonate de\u00a0<strong>calcium le rend d\u2019une grande\u00a0biodisponibilit\u00e9<\/strong>. Le lithothamne contient principalement du calcium, de l\u2019iode, du soufre, du fer, du\u00a0<strong>magn\u00e9sium<\/strong>\u00a0sous forme de carbonate, de la silice, du mangan\u00e8se, du molybd\u00e8ne, du bore, du cuivre, du cobalt, du nickel, du s\u00e9l\u00e9nium, du\u00a0<strong>zinc<\/strong>, de l\u2019argent, du titane, du strontium. Le lithothamne contient aussi des prot\u00e9ines et de la vitamine C<strong>.<br \/>\n<\/strong>Le lithothamne<strong>\u00a0est important dans le soutien et l\u2019\u00e9quilibre acido-basique de l\u2019organisme.<\/strong> Le carbonate de calcium (calcium marin) est un excellent anti-acide, il neutralise l\u2019acidit\u00e9 de l\u2019organisme (acidose tissulaire).<\/p>\n<p>&nbsp;<\/p>\n","protected":false},"excerpt":{"rendered":"<p>Contenant 200 g nets (133 g de Lithothamne et 67 g de spiruline)<\/p>\n","protected":false},"featured_media":142,"template":"","meta":[],"product_brand":[],"product_cat":[23],"product_tag":[],"class_list":{"0":"post-111","1":"product","2":"type-product","3":"status-publish","4":"has-post-thumbnail","6":"product_cat-remineraliseur","8":"first","9":"instock","10":"shipping-taxable","11":"purchasable","12":"product-type-simple"},"_links":{"self":[{"href":"https:\/\/shop.eau2p.fr\/index.php\/wp-json\/wp\/v2\/product\/111","targetHints":{"allow":["GET"]}}],"collection":[{"href":"https:\/\/shop.eau2p.fr\/index.php\/wp-json\/wp\/v2\/product"}],"about":[{"href":"https:\/\/shop.eau2p.fr\/index.php\/wp-json\/wp\/v2\/types\/product"}],"version-history":[{"count":1,"href":"https:\/\/shop.eau2p.fr\/index.php\/wp-json\/wp\/v2\/product\/111\/revisions"}],"predecessor-version":[{"id":616,"href":"https:\/\/shop.eau2p.fr\/index.php\/wp-json\/wp\/v2\/product\/111\/revisions\/616"}],"wp:featuredmedia":[{"embeddable":true,"href":"https:\/\/shop.eau2p.fr\/index.php\/wp-json\/wp\/v2\/media\/142"}],"wp:attachment":[{"href":"https:\/\/shop.eau2p.fr\/index.php\/wp-json\/wp\/v2\/media?parent=111"}],"wp:term":[{"taxonomy":"product_brand","embeddable":true,"href":"https:\/\/shop.eau2p.fr\/index.php\/wp-json\/wp\/v2\/product_brand?post=111"},{"taxonomy":"product_cat","embeddable":true,"href":"https:\/\/shop.eau2p.fr\/index.php\/wp-json\/wp\/v2\/product_cat?post=111"},{"taxonomy":"product_tag","embeddable":true,"href":"https:\/\/shop.eau2p.fr\/index.php\/wp-json\/wp\/v2\/product_tag?post=111"}],"curies":[{"name":"wp","href":"https:\/\/api.w.org\/{rel}","templated":true}]}}