{"id":127,"date":"2024-07-22T20:52:10","date_gmt":"2024-07-22T20:52:10","guid":{"rendered":"https:\/\/shop.eau2p.fr\/?post_type=product&#038;p=127"},"modified":"2026-04-29T15:14:12","modified_gmt":"2026-04-29T13:14:12","slug":"5c2p-au-kilo-panache","status":"publish","type":"product","link":"https:\/\/shop.eau2p.fr\/index.php\/produit\/5c2p-au-kilo-panache\/","title":{"rendered":"5C2P au Kilo Panach\u00e9"},"content":{"rendered":"<p>Pierres roul\u00e9es en Cristal de roche encod\u00e9es en version 5 (derni\u00e8re version en cours depuis 2021). Le prix indiqu\u00e9 au kg ne correspond pas au v\u00e9ritable kg (1.000 g) mais au poids de 940 g \u00e0 cause du prix du PAP. En effet, si l&rsquo;on met 1.000 g alors on passe \u00e0 la tranche du tarif sup\u00e9rieur qui fait que vous allez payer nettement plus cher.<\/p>\n<p>NB : Le prix a \u00e9t\u00e9 modifi\u00e9 car l&rsquo;ancien datait d&rsquo;au moins 7 ans (2017) et depuis l&rsquo;\u20acuro ne vaut plus ce qu&rsquo;il valait et puis lorsque l&rsquo;on commande c&rsquo;est en $. Bref, j&rsquo;aurai d\u00fb mettre plus cher mais comme vous le savez ce n&rsquo;est pas un article commercial mais un article pour le Service principalement. Merci de votre compr\u00e9hension.<\/p>\n","protected":false},"excerpt":{"rendered":"<p>NOTE : Le prix du kit indiqu\u00e9 correspond de 930g \u00e0 940g de cristaux encod\u00e9s 5C2P car nous ne devons pas d\u00e9passer la limite de1 kg (y compris avec l&#8217;emballage). Le prix au kilo de 5C2P est exactement de 48,12\u20ac.<\/p>\n","protected":false},"featured_media":169,"template":"","meta":[],"product_brand":[],"product_cat":[16],"product_tag":[53,54,55],"class_list":{"0":"post-127","1":"product","2":"type-product","3":"status-publish","4":"has-post-thumbnail","6":"product_cat-cristaux","7":"product_tag-5c2p","8":"product_tag-cailloux","9":"product_tag-pierre","11":"first","12":"instock","13":"shipping-taxable","14":"purchasable","15":"product-type-simple"},"_links":{"self":[{"href":"https:\/\/shop.eau2p.fr\/index.php\/wp-json\/wp\/v2\/product\/127","targetHints":{"allow":["GET"]}}],"collection":[{"href":"https:\/\/shop.eau2p.fr\/index.php\/wp-json\/wp\/v2\/product"}],"about":[{"href":"https:\/\/shop.eau2p.fr\/index.php\/wp-json\/wp\/v2\/types\/product"}],"version-history":[{"count":6,"href":"https:\/\/shop.eau2p.fr\/index.php\/wp-json\/wp\/v2\/product\/127\/revisions"}],"predecessor-version":[{"id":1113,"href":"https:\/\/shop.eau2p.fr\/index.php\/wp-json\/wp\/v2\/product\/127\/revisions\/1113"}],"wp:featuredmedia":[{"embeddable":true,"href":"https:\/\/shop.eau2p.fr\/index.php\/wp-json\/wp\/v2\/media\/169"}],"wp:attachment":[{"href":"https:\/\/shop.eau2p.fr\/index.php\/wp-json\/wp\/v2\/media?parent=127"}],"wp:term":[{"taxonomy":"product_brand","embeddable":true,"href":"https:\/\/shop.eau2p.fr\/index.php\/wp-json\/wp\/v2\/product_brand?post=127"},{"taxonomy":"product_cat","embeddable":true,"href":"https:\/\/shop.eau2p.fr\/index.php\/wp-json\/wp\/v2\/product_cat?post=127"},{"taxonomy":"product_tag","embeddable":true,"href":"https:\/\/shop.eau2p.fr\/index.php\/wp-json\/wp\/v2\/product_tag?post=127"}],"curies":[{"name":"wp","href":"https:\/\/api.w.org\/{rel}","templated":true}]}}