{"id":128,"date":"2024-07-22T20:52:10","date_gmt":"2024-07-22T20:52:10","guid":{"rendered":"https:\/\/shop.eau2p.fr\/?post_type=product&#038;p=128"},"modified":"2026-01-04T14:33:36","modified_gmt":"2026-01-04T13:33:36","slug":"boosteur","status":"publish","type":"product","link":"https:\/\/shop.eau2p.fr\/index.php\/produit\/boosteur\/","title":{"rendered":"Boosteur"},"content":{"rendered":"<p>Nous ne fabriquons plus cet article cependant nous pouvons vous fournir le mode op\u00e9ratoire pour le fabriquer vous-m\u00eame. Pour ce faire mettez cet article dans votre commande.<\/p>\n<p>Le grand mod\u00e8le est fabriqu\u00e9 \u00e0 partir d&rsquo;un fil de cuivre en 2,5 mm\u00b2 et le petit mod\u00e8le en 1,5 mm\u00b2. Prenez soin de d\u00e9nuder le fil avant.<\/p>\n<p><a href=\"https:\/\/pp.ladivulgation.fr\/?page_id=6625\" target=\"_blank\" rel=\"noopener\">FAB 6 &#8211; BOOSTER<\/a><\/p>\n","protected":false},"excerpt":{"rendered":"<p>Nous ne fabriquons plus cet article cependant nous pouvons vous fournir le mode op\u00e9ratoire pour le fabriquer vous-m\u00eame. Pour ce faire mettez cet article dans votre commande.<\/p>\n<p>Le grand mod\u00e8le est fabriqu\u00e9 \u00e0 partir d&rsquo;un fil de cuivre en 2,5 mm\u00b2 et le petit mod\u00e8le en 1,5 mm\u00b2. Prenez soin de d\u00e9nuder le fil avant.<\/p>\n","protected":false},"featured_media":170,"template":"","meta":[],"product_brand":[],"product_cat":[20],"product_tag":[],"class_list":{"0":"post-128","1":"product","2":"type-product","3":"status-publish","4":"has-post-thumbnail","6":"product_cat-boosteur","8":"first","9":"outofstock","10":"sold-individually","11":"shipping-taxable","12":"purchasable","13":"product-type-simple"},"_links":{"self":[{"href":"https:\/\/shop.eau2p.fr\/index.php\/wp-json\/wp\/v2\/product\/128","targetHints":{"allow":["GET"]}}],"collection":[{"href":"https:\/\/shop.eau2p.fr\/index.php\/wp-json\/wp\/v2\/product"}],"about":[{"href":"https:\/\/shop.eau2p.fr\/index.php\/wp-json\/wp\/v2\/types\/product"}],"version-history":[{"count":10,"href":"https:\/\/shop.eau2p.fr\/index.php\/wp-json\/wp\/v2\/product\/128\/revisions"}],"predecessor-version":[{"id":641,"href":"https:\/\/shop.eau2p.fr\/index.php\/wp-json\/wp\/v2\/product\/128\/revisions\/641"}],"wp:featuredmedia":[{"embeddable":true,"href":"https:\/\/shop.eau2p.fr\/index.php\/wp-json\/wp\/v2\/media\/170"}],"wp:attachment":[{"href":"https:\/\/shop.eau2p.fr\/index.php\/wp-json\/wp\/v2\/media?parent=128"}],"wp:term":[{"taxonomy":"product_brand","embeddable":true,"href":"https:\/\/shop.eau2p.fr\/index.php\/wp-json\/wp\/v2\/product_brand?post=128"},{"taxonomy":"product_cat","embeddable":true,"href":"https:\/\/shop.eau2p.fr\/index.php\/wp-json\/wp\/v2\/product_cat?post=128"},{"taxonomy":"product_tag","embeddable":true,"href":"https:\/\/shop.eau2p.fr\/index.php\/wp-json\/wp\/v2\/product_tag?post=128"}],"curies":[{"name":"wp","href":"https:\/\/api.w.org\/{rel}","templated":true}]}}