{"id":131,"date":"2024-07-22T20:52:10","date_gmt":"2024-07-22T20:52:10","guid":{"rendered":"https:\/\/shop.eau2p.fr\/?post_type=product&#038;p=131"},"modified":"2024-07-28T16:31:41","modified_gmt":"2024-07-28T14:31:41","slug":"dynamiseur-de-marque-oli-dyn","status":"publish","type":"product","link":"https:\/\/shop.eau2p.fr\/index.php\/produit\/dynamiseur-de-marque-oli-dyn\/","title":{"rendered":"Dynamiseur de marque OLI-DYN"},"content":{"rendered":"<p><strong>Le dynamiseur Oli-Dyn:<\/strong><\/p>\n<ul>\n<li>Am\u00e9lioration du fameux appareil de Marcel Violet.<\/li>\n<li>De l&rsquo;eau vivante avec un <strong>spectre de fr\u00e9quence tr\u00e8s large<\/strong>.<\/li>\n<li><strong>Production d&rsquo;oligo-\u00e9l\u00e9ments<\/strong> \u00e0 l&rsquo;\u00e9tat naissant, directement assimilables par l&rsquo;organisme!<\/li>\n<li>Dynamisation <strong>en trente minutes<\/strong> (eau, vins, jus, tisanes, miel, cr\u00e8mes&#8230;)<\/li>\n<li><strong>Le dynamiseur le plus puissant du march\u00e9!<\/strong><\/li>\n<\/ul>\n<p>Le dynamiseur OLI-DYN, au service de la sant\u00e9 et du bien-\u00eatre, <strong>produit dans l&rsquo;eau:<\/strong><\/p>\n<ul>\n<li>des ondes biologiques sur un tr\u00e8s large spectre de fr\u00e9quences<\/li>\n<li>des ions n\u00e9gatifs<\/li>\n<li>des oligo-\u00e9l\u00e9ments collo\u00efdaux \u00e0 l&rsquo;\u00e9tat naissant, directement assimilables<\/li>\n<li>des mol\u00e9cules d&rsquo;eau trim\u00e8res<\/li>\n<\/ul>\n<p>Producteur d&rsquo;un liquide de vie irrempla\u00e7able \u00e0 <strong>haut pouvoir \u00e9nerg\u00e9tique<\/strong> et d&rsquo;oligo-\u00e9l\u00e9ments sur une dur\u00e9e illimit\u00e9e, OLI-DYN, par son action remarquable sur la sant\u00e9:<\/p>\n<ul>\n<li>Active la r\u00e9g\u00e9n\u00e9ration cellulaire.<\/li>\n<li>Accro\u00eet sup\u00e9rieurement l&rsquo;\u00e9nergie.<\/li>\n<li>Renforce le syst\u00e8me immunitaire.<\/li>\n<li>Am\u00e9liore l&rsquo;\u00e9quilibre psychique.<\/li>\n<\/ul>\n<p>&nbsp;<\/p>\n<p align=\"justify\"><strong><span style=\"font-family: Arial;\">OLI-DYN est livr\u00e9 dans une valisette avec:<\/span><\/strong><\/p>\n<ul>\n<li>19 oligo-\u00e9l\u00e9ments: aluminium, antimoine, argent, cobalt, chrome, cuivre, \u00e9tain, fer, germanium, magn\u00e9sium, mangan\u00e8se, nickel, or, plomb, s\u00e9l\u00e9nium, silicium, titane et zinc plus le carbone neutre.<\/li>\n<li>Un tournevis testeur<\/li>\n<li>Un DVD expliquant l&rsquo;utilisation de l&rsquo;appareil et incluant deux conf\u00e9rences audio: une conf\u00e9rence de M. Violet et J. Pagot sur la Bio-dynamisation et une conf\u00e9rence de L.C. Vincent sur la Bio-\u00e9lectronique. Des documents d&rsquo;archive exceptionnels!<\/li>\n<li>Un livret explicatif indiquant notamment les principales indications et propri\u00e9t\u00e9s de chaque oligo-\u00e9l\u00e9ments et leurs possibles associations en fonction des pathologies.<\/li>\n<li>Fabriqu\u00e9 en France. Garantie 3 ans.<\/li>\n<\/ul>\n","protected":false},"excerpt":{"rendered":"<p>Compte tenu du prix important de cet article des facilit\u00e9s de paiement sont possibles. Personnellement nous n&rsquo;avons aucun stock car c&rsquo;est le constructeur qui fait l&rsquo;envoi directement.<\/p>\n<p>En gros on fait office d&rsquo;apporteur d&rsquo;affaire mais pas de revendeur.<\/p>\n<p>PS : 19 \u00e9lectrodes sont fournies automatiquement avec l&rsquo;appareil. Inutile donc de vouloir en acheter d&rsquo;autres pour le moment car c&rsquo;est tout simplement de la d\u00e9mesure. Chaque chose en son temps et un temps pour chaque chose. Quand le moment sera venu, on vous en informera. Merci de votre compr\u00e9hension.<\/p>\n<p>&nbsp;<\/p>\n","protected":false},"featured_media":172,"template":"","meta":[],"product_brand":[],"product_cat":[21],"product_tag":[56],"class_list":{"0":"post-131","1":"product","2":"type-product","3":"status-publish","4":"has-post-thumbnail","6":"product_cat-dynamiseur","7":"product_tag-dynamieur","9":"first","10":"instock","11":"shipping-taxable","12":"product-type-external"},"_links":{"self":[{"href":"https:\/\/shop.eau2p.fr\/index.php\/wp-json\/wp\/v2\/product\/131","targetHints":{"allow":["GET"]}}],"collection":[{"href":"https:\/\/shop.eau2p.fr\/index.php\/wp-json\/wp\/v2\/product"}],"about":[{"href":"https:\/\/shop.eau2p.fr\/index.php\/wp-json\/wp\/v2\/types\/product"}],"version-history":[{"count":1,"href":"https:\/\/shop.eau2p.fr\/index.php\/wp-json\/wp\/v2\/product\/131\/revisions"}],"predecessor-version":[{"id":487,"href":"https:\/\/shop.eau2p.fr\/index.php\/wp-json\/wp\/v2\/product\/131\/revisions\/487"}],"wp:featuredmedia":[{"embeddable":true,"href":"https:\/\/shop.eau2p.fr\/index.php\/wp-json\/wp\/v2\/media\/172"}],"wp:attachment":[{"href":"https:\/\/shop.eau2p.fr\/index.php\/wp-json\/wp\/v2\/media?parent=131"}],"wp:term":[{"taxonomy":"product_brand","embeddable":true,"href":"https:\/\/shop.eau2p.fr\/index.php\/wp-json\/wp\/v2\/product_brand?post=131"},{"taxonomy":"product_cat","embeddable":true,"href":"https:\/\/shop.eau2p.fr\/index.php\/wp-json\/wp\/v2\/product_cat?post=131"},{"taxonomy":"product_tag","embeddable":true,"href":"https:\/\/shop.eau2p.fr\/index.php\/wp-json\/wp\/v2\/product_tag?post=131"}],"curies":[{"name":"wp","href":"https:\/\/api.w.org\/{rel}","templated":true}]}}