{"id":132,"date":"2024-07-22T20:52:10","date_gmt":"2024-07-22T20:52:10","guid":{"rendered":"https:\/\/shop.eau2p.fr\/?post_type=product&#038;p=132"},"modified":"2024-07-22T20:52:27","modified_gmt":"2024-07-22T20:52:27","slug":"chlorelle-bio","status":"publish","type":"product","link":"https:\/\/shop.eau2p.fr\/index.php\/produit\/chlorelle-bio\/","title":{"rendered":"Chlorelle BIO"},"content":{"rendered":"<div id=\"product-description-short-410\">\n<p><span style=\"color: #ff0000;\">Le code de r\u00e9duction\u00a0<b>lauco10<\/b><\/span><\/p>\n<p>Chlorelle &#8211; Contribue \u00e0 la d\u00e9toxification et au tonus<\/p>\n<\/div>\n<ul class=\"proprietes\">\n<li class=\"propriete\"><span class=\"value\">Fournit une aide en cas de fatigue<\/span><\/li>\n<li class=\"propriete\"><span class=\"value\">Compl\u00e9ment alimentaire 100 % d\u2019origine naturelle et bio<\/span><\/li>\n<li class=\"propriete\"><span class=\"value\">Riche en prot\u00e9ines \u2013 Source de chlorophylle<\/span><\/li>\n<\/ul>\n","protected":false},"excerpt":{"rendered":"<p><span style=\"color: #ff0000;\">Le code de r\u00e9duction\u00a0<b>lauco10<\/b><\/span><\/p>\n<p style=\"font-weight: 400;\">La Chlorelle, de nom scientifique Chlorella vulgaris, est une microalgue verte d\u2019eau douce aux formidables propri\u00e9t\u00e9s nutritionnelles. Elle contient de la chlorophylle, pigment qui lui donne sa couleur verte, du b\u00eata-carot\u00e8ne de la famille des carot\u00e9no\u00efdes et des antioxydants naturels. Elle contient aussi un facteur de croissance unique appel\u00e9 Chlorella Growth Factor (CGF). Ce CGF lui permet de se diviser et de se reproduire tr\u00e8s rapidement.<\/p>\n<p style=\"font-weight: 400;\"><b><strong>Concentration \u00e9tonnante en prot\u00e9ines, vitamines, min\u00e9raux<\/strong><\/b><\/p>\n<p style=\"font-weight: 400;\">La Chlorelle est riche en prot\u00e9ines. En effet, les prot\u00e9ines constituent plus de 55 % de sa composition et elle contient les 8 acides amin\u00e9s essentiels en quantit\u00e9 \u00e9quilibr\u00e9e. Ces acides amin\u00e9s, pr\u00e9sents dans la Chlorelle, sont dits essentiels car notre organisme n\u2019a pas la capacit\u00e9 de les produire.<\/p>\n<p style=\"font-weight: 400;\">Riche en fer, phosphore, potassium, zinc, mangan\u00e8se et s\u00e9l\u00e9nium, la Chlorelle contient aussi du calcium et du magn\u00e9sium. La Chlorelle contribue \u00e9galement \u00e0 apporter des vitamines indispensables au bon fonctionnement du corps. Elle est riche en vitamines B1, B2, B3, B6, B12 et contient les vitamines B9 et K.<\/p>\n<p style=\"font-weight: 400;\"><b><strong>Une aide pr\u00e9cieuse en cas de fatigue passag\u00e8re<\/strong><\/b><\/p>\n<p style=\"font-weight: 400;\">Source naturelle de nutriments essentiels, de vitamines et de min\u00e9raux, la Chlorelle est un ingr\u00e9dient de choix qui contribue \u00e0 entretenir l\u2019\u00e9nergie, am\u00e9liorer la vitalit\u00e9 et le tonus. Elle est particuli\u00e8rement appr\u00e9ci\u00e9e en cas de fatigue passag\u00e8re. Elle soutient \u00e9galement le syst\u00e8me de d\u00e9fense de l\u2019organisme.<\/p>\n<p style=\"font-weight: 400;\"><b><strong>D\u00e9toxification naturelle de l\u2019organisme<\/strong><\/b><\/p>\n<p style=\"font-weight: 400;\">La Chlorelle est reconnue pour contribuer \u00e0 d\u00e9toxifier naturellement l\u2019organisme. En effet, cette algue planctonique contient des fibres qui contribuent \u00e0 capter certaines toxines (m\u00e9taux lourds, insecticides, pesticides). La chlorelle aide, ainsi, \u00e0 \u00e9liminer ces substances qui encrassent l&rsquo;organisme.<\/p>\n<p style=\"font-weight: 400;\">En parall\u00e8le, la Chlorelle participe \u00e0 la bonne sant\u00e9 du foie et aide le m\u00e9tabolisme digestif.<\/p>\n","protected":false},"featured_media":176,"template":"","meta":[],"product_brand":[],"product_cat":[23],"product_tag":[],"class_list":{"0":"post-132","1":"product","2":"type-product","3":"status-publish","4":"has-post-thumbnail","6":"product_cat-remineraliseur","8":"first","9":"instock","10":"shipping-taxable","11":"product-type-external"},"_links":{"self":[{"href":"https:\/\/shop.eau2p.fr\/index.php\/wp-json\/wp\/v2\/product\/132","targetHints":{"allow":["GET"]}}],"collection":[{"href":"https:\/\/shop.eau2p.fr\/index.php\/wp-json\/wp\/v2\/product"}],"about":[{"href":"https:\/\/shop.eau2p.fr\/index.php\/wp-json\/wp\/v2\/types\/product"}],"version-history":[{"count":0,"href":"https:\/\/shop.eau2p.fr\/index.php\/wp-json\/wp\/v2\/product\/132\/revisions"}],"wp:featuredmedia":[{"embeddable":true,"href":"https:\/\/shop.eau2p.fr\/index.php\/wp-json\/wp\/v2\/media\/176"}],"wp:attachment":[{"href":"https:\/\/shop.eau2p.fr\/index.php\/wp-json\/wp\/v2\/media?parent=132"}],"wp:term":[{"taxonomy":"product_brand","embeddable":true,"href":"https:\/\/shop.eau2p.fr\/index.php\/wp-json\/wp\/v2\/product_brand?post=132"},{"taxonomy":"product_cat","embeddable":true,"href":"https:\/\/shop.eau2p.fr\/index.php\/wp-json\/wp\/v2\/product_cat?post=132"},{"taxonomy":"product_tag","embeddable":true,"href":"https:\/\/shop.eau2p.fr\/index.php\/wp-json\/wp\/v2\/product_tag?post=132"}],"curies":[{"name":"wp","href":"https:\/\/api.w.org\/{rel}","templated":true}]}}