{"id":183,"date":"2024-07-22T20:52:28","date_gmt":"2024-07-22T20:52:28","guid":{"rendered":"https:\/\/shop.eau2p.fr\/?post_type=product&#038;p=183"},"modified":"2026-02-28T17:36:50","modified_gmt":"2026-02-28T16:36:50","slug":"lot-de-cartouches-complet-pour-osmoseur-600-gpd-sous-evier","status":"publish","type":"product","link":"https:\/\/shop.eau2p.fr\/index.php\/produit\/lot-de-cartouches-complet-pour-osmoseur-600-gpd-sous-evier\/","title":{"rendered":"Kit complet pour Osmoseur 600 GPD sous \u00e9vier"},"content":{"rendered":"<p>Ce kit comprend les 3 filtres du bas, les 3 membranes 200 GPD ainsi que la cartouche filtre en charbon.<br \/>\nCe kit contient au total 7 \u00e9l\u00e9ments.<\/p>\n","protected":false},"excerpt":{"rendered":"<p>Kit complet pour une maintenance totale de votre osmoseur 600 GPG sous \u00e9vier.<\/p>\n<p>Ne contient pas de cartouche min\u00e9ralisante (\u00e0 acheter s\u00e9par\u00e9ment)<\/p>\n","protected":false},"featured_media":654,"template":"","meta":[],"product_brand":[],"product_cat":[18],"product_tag":[42,43,47,44],"class_list":{"0":"post-183","1":"product","2":"type-product","3":"status-publish","4":"has-post-thumbnail","6":"product_cat-osmoseur","7":"product_tag-carbone","8":"product_tag-cartouche","9":"product_tag-filtre","10":"product_tag-osmoseur","12":"first","13":"instock","14":"shipping-taxable","15":"purchasable","16":"product-type-simple"},"_links":{"self":[{"href":"https:\/\/shop.eau2p.fr\/index.php\/wp-json\/wp\/v2\/product\/183","targetHints":{"allow":["GET"]}}],"collection":[{"href":"https:\/\/shop.eau2p.fr\/index.php\/wp-json\/wp\/v2\/product"}],"about":[{"href":"https:\/\/shop.eau2p.fr\/index.php\/wp-json\/wp\/v2\/types\/product"}],"version-history":[{"count":2,"href":"https:\/\/shop.eau2p.fr\/index.php\/wp-json\/wp\/v2\/product\/183\/revisions"}],"predecessor-version":[{"id":477,"href":"https:\/\/shop.eau2p.fr\/index.php\/wp-json\/wp\/v2\/product\/183\/revisions\/477"}],"wp:featuredmedia":[{"embeddable":true,"href":"https:\/\/shop.eau2p.fr\/index.php\/wp-json\/wp\/v2\/media\/654"}],"wp:attachment":[{"href":"https:\/\/shop.eau2p.fr\/index.php\/wp-json\/wp\/v2\/media?parent=183"}],"wp:term":[{"taxonomy":"product_brand","embeddable":true,"href":"https:\/\/shop.eau2p.fr\/index.php\/wp-json\/wp\/v2\/product_brand?post=183"},{"taxonomy":"product_cat","embeddable":true,"href":"https:\/\/shop.eau2p.fr\/index.php\/wp-json\/wp\/v2\/product_cat?post=183"},{"taxonomy":"product_tag","embeddable":true,"href":"https:\/\/shop.eau2p.fr\/index.php\/wp-json\/wp\/v2\/product_tag?post=183"}],"curies":[{"name":"wp","href":"https:\/\/api.w.org\/{rel}","templated":true}]}}