{"id":658,"date":"2024-09-21T17:44:45","date_gmt":"2024-09-21T15:44:45","guid":{"rendered":"https:\/\/shop.eau2p.fr\/?post_type=product&#038;p=658"},"modified":"2025-08-28T14:53:35","modified_gmt":"2025-08-28T12:53:35","slug":"cartouche-alcaline","status":"publish","type":"product","link":"https:\/\/shop.eau2p.fr\/index.php\/produit\/cartouche-alcaline\/","title":{"rendered":"cartouche Alcaline"},"content":{"rendered":"<p>Cette cartouche permet d&rsquo;\u00e9quilibrer le PH de l&rsquo;eau et d&rsquo;am\u00e9liorer sa qualit\u00e9.<\/p>\n","protected":false},"excerpt":{"rendered":"<p>Cette cartouche permet d&rsquo;\u00e9quilibrer le PH de l&rsquo;eau et d&rsquo;am\u00e9liorer sa qualit\u00e9.<\/p>\n","protected":false},"featured_media":0,"template":"","meta":[],"product_brand":[],"product_cat":[17],"product_tag":[],"class_list":{"0":"post-658","1":"product","2":"type-product","3":"status-publish","5":"product_cat-eau-encodee","7":"first","8":"instock","9":"shipping-taxable","10":"purchasable","11":"product-type-simple"},"_links":{"self":[{"href":"https:\/\/shop.eau2p.fr\/index.php\/wp-json\/wp\/v2\/product\/658","targetHints":{"allow":["GET"]}}],"collection":[{"href":"https:\/\/shop.eau2p.fr\/index.php\/wp-json\/wp\/v2\/product"}],"about":[{"href":"https:\/\/shop.eau2p.fr\/index.php\/wp-json\/wp\/v2\/types\/product"}],"version-history":[{"count":2,"href":"https:\/\/shop.eau2p.fr\/index.php\/wp-json\/wp\/v2\/product\/658\/revisions"}],"predecessor-version":[{"id":660,"href":"https:\/\/shop.eau2p.fr\/index.php\/wp-json\/wp\/v2\/product\/658\/revisions\/660"}],"wp:attachment":[{"href":"https:\/\/shop.eau2p.fr\/index.php\/wp-json\/wp\/v2\/media?parent=658"}],"wp:term":[{"taxonomy":"product_brand","embeddable":true,"href":"https:\/\/shop.eau2p.fr\/index.php\/wp-json\/wp\/v2\/product_brand?post=658"},{"taxonomy":"product_cat","embeddable":true,"href":"https:\/\/shop.eau2p.fr\/index.php\/wp-json\/wp\/v2\/product_cat?post=658"},{"taxonomy":"product_tag","embeddable":true,"href":"https:\/\/shop.eau2p.fr\/index.php\/wp-json\/wp\/v2\/product_tag?post=658"}],"curies":[{"name":"wp","href":"https:\/\/api.w.org\/{rel}","templated":true}]}}